{"id":9080,"date":"2019-05-01T14:16:37","date_gmt":"2019-05-01T12:16:37","guid":{"rendered":"http:\/\/www.bandeapartfilms.com\/?post_type=product&#038;p=9080"},"modified":"2020-06-19T15:45:38","modified_gmt":"2020-06-19T13:45:38","slug":"pearl","status":"publish","type":"product","link":"https:\/\/www.bandeapartfilms.com\/en\/product\/pearl\/","title":{"rendered":"Pearl"},"content":{"rendered":"","protected":false},"excerpt":{"rendered":"<p><a class=\"uk-button uk-button-primary\" href=\"https:\/\/vimeo.com\/ondemand\/pearl2\" target=\"_blank\" rel=\"noopener noreferrer\">Louer en VOD (Suisse)<\/a><\/p>\n<p><a class=\"uk-button uk-button-primary\" href=\"https:\/\/www.universcine.com\/films\/pearl\" target=\"_blank\" rel=\"noopener noreferrer\">Louer en VOD (France)<\/a><\/p>\n<p>Un film de Elsa Amiel<br \/>\nAvec Julia F\u00f6ry, Peter Mullan, Vidal Arzon, Arieh Worthalter, Agata Buzek<\/p>\n<p><strong>VO Fran\u00e7ais\/Anglais<\/strong><br \/>\n<strong>ST Fran\u00e7ais, Allemand<\/strong><\/p>\n<p>Eden Palace, comp\u00e9tition internationale de Bodybuilding f\u00e9minin \u00e0 48 heures de la finale. L\u00e9a Pearl s\u2019appr\u00eate \u00e0 concourir pour la premi\u00e8re fois pour le prestigieux titre de Miss Heaven et consacrer ainsi quatre ann\u00e9es de travail. Al, son mentor, lui-m\u00eame ancienne star du bodybuilding, veille jalousement sur elle, esp\u00e9rant gr\u00e2ce \u00e0 sa Pearl, revenir sur le devant de la sc\u00e8ne. Mais \u00e0 quelques heures de la finale, L\u00e9a voit revenir les ombres du pass\u00e9. Ben, son ex-mari, d\u00e9barque \u00e0 l\u2019Eden Palace et a eu la bonne id\u00e9e de venir avec Joseph, leur enfant, qu\u2019elle n\u2019a pas vu depuis quatre ans\u2026<\/p>\n<p><iframe loading=\"lazy\" src=\"https:\/\/player.vimeo.com\/video\/317214308\" width=\"640\" height=\"360\" frameborder=\"0\" allowfullscreen=\"allowfullscreen\"><\/iframe><\/p>\n","protected":false},"featured_media":8454,"template":"","meta":{"_acf_changed":false},"product_brand":[],"product_cat":[317,321],"product_tag":[322,319],"class_list":{"0":"post-9080","1":"product","2":"type-product","3":"status-publish","4":"has-post-thumbnail","6":"product_cat-les-films-de-bande-a-part-films","7":"product_cat-nouveautes","8":"product_tag-nouveau","9":"product_tag-vod","11":"first","12":"instock","13":"shipping-taxable","14":"product-type-simple"},"acf":[],"_links":{"self":[{"href":"https:\/\/www.bandeapartfilms.com\/en\/wp-json\/wp\/v2\/product\/9080","targetHints":{"allow":["GET"]}}],"collection":[{"href":"https:\/\/www.bandeapartfilms.com\/en\/wp-json\/wp\/v2\/product"}],"about":[{"href":"https:\/\/www.bandeapartfilms.com\/en\/wp-json\/wp\/v2\/types\/product"}],"wp:featuredmedia":[{"embeddable":true,"href":"https:\/\/www.bandeapartfilms.com\/en\/wp-json\/wp\/v2\/media\/8454"}],"wp:attachment":[{"href":"https:\/\/www.bandeapartfilms.com\/en\/wp-json\/wp\/v2\/media?parent=9080"}],"wp:term":[{"taxonomy":"product_brand","embeddable":true,"href":"https:\/\/www.bandeapartfilms.com\/en\/wp-json\/wp\/v2\/product_brand?post=9080"},{"taxonomy":"product_cat","embeddable":true,"href":"https:\/\/www.bandeapartfilms.com\/en\/wp-json\/wp\/v2\/product_cat?post=9080"},{"taxonomy":"product_tag","embeddable":true,"href":"https:\/\/www.bandeapartfilms.com\/en\/wp-json\/wp\/v2\/product_tag?post=9080"}],"curies":[{"name":"wp","href":"https:\/\/api.w.org\/{rel}","templated":true}]}}