{"id":8675,"date":"2012-04-04T16:23:35","date_gmt":"2012-04-04T14:23:35","guid":{"rendered":"http:\/\/www.bandeapartfilms.com\/?post_type=product&#038;p=8675"},"modified":"2023-12-15T12:15:38","modified_gmt":"2023-12-15T11:15:38","slug":"lenfant-den-haut","status":"publish","type":"product","link":"https:\/\/www.bandeapartfilms.com\/en\/product\/lenfant-den-haut\/","title":{"rendered":"L&#8217;enfant d&#8217;en haut"},"content":{"rendered":"","protected":false},"excerpt":{"rendered":"<p>Simon, 12 ans, emprunte l\u2019hiver venu la petite t\u00e9l\u00e9cabine qui relie la plaine industrielle o\u00f9 il vit seul avec sa soeur Louise, \u00e0 l\u2019opulente station de ski qui la surplombe. L\u00e0-haut, il vole les skis et l\u2019\u00e9quipement des riches touristes qu\u2019il revend ensuite aux enfants de son immeuble pour en tirer de petits mais r\u00e9guliers b\u00e9n\u00e9fices. Louise, qui vient de perdre son travail, profite des trafics de Simon qui prennent de l\u2019ampleur et devient de plus en plus d\u00e9pendante de lui\u2026<\/p>\n<p><a href=\"https:\/\/vimeo.com\/manage\/videos\/454683716\">https:\/\/vimeo.com\/manage\/videos\/454683716<\/a><\/p>\n<p><a class=\"uk-button uk-button-primary\" href=\"https:\/\/www.lekino.ch\/fr\/films\/l-enfant-d-en-haut\" target=\"_blank\" rel=\"noopener\">Voir en VOD (Suisse)<\/a><\/p>\n","protected":false},"featured_media":5692,"template":"","meta":{"_acf_changed":false},"product_brand":[],"product_cat":[315],"product_tag":[372,319],"class_list":{"0":"post-8675","1":"product","2":"type-product","3":"status-publish","4":"has-post-thumbnail","6":"product_cat-ursula-meier","7":"product_tag-ursula-meier","8":"product_tag-vod","10":"first","11":"instock","12":"shipping-taxable","13":"product-type-simple"},"acf":[],"_links":{"self":[{"href":"https:\/\/www.bandeapartfilms.com\/en\/wp-json\/wp\/v2\/product\/8675","targetHints":{"allow":["GET"]}}],"collection":[{"href":"https:\/\/www.bandeapartfilms.com\/en\/wp-json\/wp\/v2\/product"}],"about":[{"href":"https:\/\/www.bandeapartfilms.com\/en\/wp-json\/wp\/v2\/types\/product"}],"wp:featuredmedia":[{"embeddable":true,"href":"https:\/\/www.bandeapartfilms.com\/en\/wp-json\/wp\/v2\/media\/5692"}],"wp:attachment":[{"href":"https:\/\/www.bandeapartfilms.com\/en\/wp-json\/wp\/v2\/media?parent=8675"}],"wp:term":[{"taxonomy":"product_brand","embeddable":true,"href":"https:\/\/www.bandeapartfilms.com\/en\/wp-json\/wp\/v2\/product_brand?post=8675"},{"taxonomy":"product_cat","embeddable":true,"href":"https:\/\/www.bandeapartfilms.com\/en\/wp-json\/wp\/v2\/product_cat?post=8675"},{"taxonomy":"product_tag","embeddable":true,"href":"https:\/\/www.bandeapartfilms.com\/en\/wp-json\/wp\/v2\/product_tag?post=8675"}],"curies":[{"name":"wp","href":"https:\/\/api.w.org\/{rel}","templated":true}]}}