{"id":8674,"date":"2008-10-15T16:21:22","date_gmt":"2008-10-15T14:21:22","guid":{"rendered":"http:\/\/www.bandeapartfilms.com\/?post_type=product&#038;p=8674"},"modified":"2019-01-28T16:23:29","modified_gmt":"2019-01-28T15:23:29","slug":"home","status":"publish","type":"product","link":"https:\/\/www.bandeapartfilms.com\/en\/product\/home\/","title":{"rendered":"Home"},"content":{"rendered":"","protected":false},"excerpt":{"rendered":"<p>Au milieu d\u2019une campagne calme et d\u00e9sertique s\u2019\u00e9tend \u00e0 perte de vue une autoroute inactive, laiss\u00e9e \u00e0 l\u2019abandon depuis sa construction. Au bord du bitume, \u00e0 quelques m\u00e8tres seulement des barri\u00e8res de s\u00e9curit\u00e9, se trouve une maison isol\u00e9e dans laquelle vit une famille. Les travaux vont reprendre et on annonce l\u2019ouverture prochaine de l\u2019autoroute \u00e0 la circulation\u2026<\/p>\n<p>https:\/\/vimeo.com\/175310237<\/p>\n<p><a class=\"uk-button uk-button-primary\" href=\"https:\/\/www.lekino.ch\/fr\/films\/home\" target=\"_blank\" rel=\"noopener\">Voir en VOD (Suisse)<\/a><\/p>\n","protected":false},"featured_media":4812,"template":"","meta":{"_acf_changed":false},"product_brand":[],"product_cat":[315],"product_tag":[372,319],"class_list":{"0":"post-8674","1":"product","2":"type-product","3":"status-publish","4":"has-post-thumbnail","6":"product_cat-ursula-meier","7":"product_tag-ursula-meier","8":"product_tag-vod","10":"first","11":"instock","12":"shipping-taxable","13":"product-type-simple"},"acf":[],"_links":{"self":[{"href":"https:\/\/www.bandeapartfilms.com\/en\/wp-json\/wp\/v2\/product\/8674","targetHints":{"allow":["GET"]}}],"collection":[{"href":"https:\/\/www.bandeapartfilms.com\/en\/wp-json\/wp\/v2\/product"}],"about":[{"href":"https:\/\/www.bandeapartfilms.com\/en\/wp-json\/wp\/v2\/types\/product"}],"wp:featuredmedia":[{"embeddable":true,"href":"https:\/\/www.bandeapartfilms.com\/en\/wp-json\/wp\/v2\/media\/4812"}],"wp:attachment":[{"href":"https:\/\/www.bandeapartfilms.com\/en\/wp-json\/wp\/v2\/media?parent=8674"}],"wp:term":[{"taxonomy":"product_brand","embeddable":true,"href":"https:\/\/www.bandeapartfilms.com\/en\/wp-json\/wp\/v2\/product_brand?post=8674"},{"taxonomy":"product_cat","embeddable":true,"href":"https:\/\/www.bandeapartfilms.com\/en\/wp-json\/wp\/v2\/product_cat?post=8674"},{"taxonomy":"product_tag","embeddable":true,"href":"https:\/\/www.bandeapartfilms.com\/en\/wp-json\/wp\/v2\/product_tag?post=8674"}],"curies":[{"name":"wp","href":"https:\/\/api.w.org\/{rel}","templated":true}]}}