{"id":8672,"date":"2015-09-28T15:42:08","date_gmt":"2015-09-28T13:42:08","guid":{"rendered":"http:\/\/www.bandeapartfilms.com\/?post_type=product&#038;p=8672"},"modified":"2023-12-15T12:20:04","modified_gmt":"2023-12-15T11:20:04","slug":"la-vanite","status":"publish","type":"product","link":"https:\/\/www.bandeapartfilms.com\/en\/product\/la-vanite\/","title":{"rendered":"La Vanit\u00e9"},"content":{"rendered":"","protected":false},"excerpt":{"rendered":"<p>David Miller veut en finir avec sa vie. Ce vieil architecte malade met toutes les chances de son c\u00f4t\u00e9 en ayant recours \u00e0 une association d\u2019aide au suicide. Mais Espe, l\u2019accompagnatrice, ne semble pas tr\u00e8s au fait de la proc\u00e9dure alors que Miller tente par tous les moyens de convaincre Tr\u00e9plev, le prostitu\u00e9 russe de la chambre d\u2019\u00e0 c\u00f4t\u00e9, d\u2019\u00eatre le t\u00e9moin de son dernier souffle, comme la loi l\u2019exige en Suisse. Le temps d\u2019une nuit, tout trois vont d\u00e9couvrir que le go\u00fbt des autres et peut-\u00eatre m\u00eame l\u2019amour sont des sentiments dr\u00f4lement tenaces.<\/p>\n<p>https:\/\/youtu.be\/dh2WpHrCcQs<\/p>\n<p><a class=\"uk-button uk-button-primary\" href=\"https:\/\/www.lekino.ch\/fr\/films\/la-vanite\" target=\"_blank\" rel=\"noopener noreferrer\">Voir en VOD (Suisse)<\/a><\/p>\n<p>Disponible en DVD<\/p>\n<p>Frais de port vers la Suisse : 2.40.-<\/p>\n","protected":false},"featured_media":4807,"template":"","meta":{"_acf_changed":false},"product_brand":[],"product_cat":[312],"product_tag":[318,371,319],"class_list":{"0":"post-8672","1":"product","2":"type-product","3":"status-publish","4":"has-post-thumbnail","6":"product_cat-lionel-baier","7":"product_tag-dvd","8":"product_tag-lionel-baier","9":"product_tag-vod","10":"product_shipping_class-frais_2_chf","12":"first","13":"instock","14":"shipping-taxable","15":"purchasable","16":"product-type-simple"},"acf":[],"_links":{"self":[{"href":"https:\/\/www.bandeapartfilms.com\/en\/wp-json\/wp\/v2\/product\/8672","targetHints":{"allow":["GET"]}}],"collection":[{"href":"https:\/\/www.bandeapartfilms.com\/en\/wp-json\/wp\/v2\/product"}],"about":[{"href":"https:\/\/www.bandeapartfilms.com\/en\/wp-json\/wp\/v2\/types\/product"}],"wp:featuredmedia":[{"embeddable":true,"href":"https:\/\/www.bandeapartfilms.com\/en\/wp-json\/wp\/v2\/media\/4807"}],"wp:attachment":[{"href":"https:\/\/www.bandeapartfilms.com\/en\/wp-json\/wp\/v2\/media?parent=8672"}],"wp:term":[{"taxonomy":"product_brand","embeddable":true,"href":"https:\/\/www.bandeapartfilms.com\/en\/wp-json\/wp\/v2\/product_brand?post=8672"},{"taxonomy":"product_cat","embeddable":true,"href":"https:\/\/www.bandeapartfilms.com\/en\/wp-json\/wp\/v2\/product_cat?post=8672"},{"taxonomy":"product_tag","embeddable":true,"href":"https:\/\/www.bandeapartfilms.com\/en\/wp-json\/wp\/v2\/product_tag?post=8672"}],"curies":[{"name":"wp","href":"https:\/\/api.w.org\/{rel}","templated":true}]}}