{"id":8670,"date":"2016-11-28T15:14:18","date_gmt":"2016-11-28T14:14:18","guid":{"rendered":"http:\/\/www.bandeapartfilms.com\/?post_type=product&#038;p=8670"},"modified":"2023-12-15T12:21:03","modified_gmt":"2023-12-15T11:21:03","slug":"moka","status":"publish","type":"product","link":"https:\/\/www.bandeapartfilms.com\/en\/product\/moka\/","title":{"rendered":"Moka"},"content":{"rendered":"","protected":false},"excerpt":{"rendered":"<p>Munie de quelques affaires et d\u2019une arme, Diane Kramer (Emmanuelle Devos) quitte Lausanne et rejoint Evian. Elle n\u2019a qu\u2019une obsession : retrouver le conducteur de la Mercedes couleur moka qui a renvers\u00e9 son fils et boulevers\u00e9 sa vie. Mais le chemin de la v\u00e9rit\u00e9 est plus sinueux qu\u2019il n\u2019y para\u00eet. Diane devra se confronter \u00e0 une autre femme (Nathalie Baye), attachante et myst\u00e9rieuse.<\/p>\n<p>Avec Emmanuelle Devos, Nathalie Baye, David Clavel, Diane Rouxel, Olivier Chantreau, Samuel Labarthe, Jean-Philippe Ecoffey, Marion Reymond et Paulin Jaccoud.<\/p>\n<p>https:\/\/youtu.be\/51SfThdEouQ<\/p>\n<p><a class=\"uk-button uk-button-primary\" href=\"https:\/\/www.lekino.ch\/fr\/films\/moka\" target=\"_blank\" rel=\"noopener noreferrer\">Voir en VOD (Suisse)<\/a><\/p>\n<p>Disponible en DVD<\/p>\n<p>Frais de port Suisse : 2.40.-<\/p>\n<p>&nbsp;<\/p>\n","protected":false},"featured_media":5681,"template":"","meta":{"_acf_changed":false},"product_brand":[],"product_cat":[316],"product_tag":[318,369,319],"class_list":{"0":"post-8670","1":"product","2":"type-product","3":"status-publish","4":"has-post-thumbnail","6":"product_cat-frederic-mermoud","7":"product_tag-dvd","8":"product_tag-frederic-mermoud","9":"product_tag-vod","10":"product_shipping_class-frais_2_chf","12":"first","13":"instock","14":"shipping-taxable","15":"purchasable","16":"product-type-simple"},"acf":[],"_links":{"self":[{"href":"https:\/\/www.bandeapartfilms.com\/en\/wp-json\/wp\/v2\/product\/8670","targetHints":{"allow":["GET"]}}],"collection":[{"href":"https:\/\/www.bandeapartfilms.com\/en\/wp-json\/wp\/v2\/product"}],"about":[{"href":"https:\/\/www.bandeapartfilms.com\/en\/wp-json\/wp\/v2\/types\/product"}],"wp:featuredmedia":[{"embeddable":true,"href":"https:\/\/www.bandeapartfilms.com\/en\/wp-json\/wp\/v2\/media\/5681"}],"wp:attachment":[{"href":"https:\/\/www.bandeapartfilms.com\/en\/wp-json\/wp\/v2\/media?parent=8670"}],"wp:term":[{"taxonomy":"product_brand","embeddable":true,"href":"https:\/\/www.bandeapartfilms.com\/en\/wp-json\/wp\/v2\/product_brand?post=8670"},{"taxonomy":"product_cat","embeddable":true,"href":"https:\/\/www.bandeapartfilms.com\/en\/wp-json\/wp\/v2\/product_cat?post=8670"},{"taxonomy":"product_tag","embeddable":true,"href":"https:\/\/www.bandeapartfilms.com\/en\/wp-json\/wp\/v2\/product_tag?post=8670"}],"curies":[{"name":"wp","href":"https:\/\/api.w.org\/{rel}","templated":true}]}}