{"id":8666,"date":"2009-01-28T15:03:01","date_gmt":"2009-01-28T14:03:01","guid":{"rendered":"http:\/\/www.bandeapartfilms.com\/?post_type=product&#038;p=8666"},"modified":"2023-12-15T12:07:47","modified_gmt":"2023-12-15T11:07:47","slug":"complices","status":"publish","type":"product","link":"https:\/\/www.bandeapartfilms.com\/en\/product\/complices\/","title":{"rendered":"Complices"},"content":{"rendered":"","protected":false},"excerpt":{"rendered":"<p>D\u00e8s leur premier regard \u00e9chang\u00e9 dans un cybercaf\u00e9, Vincent et Rebecca se sont aim\u00e9s. Ils sont jeunes, \u00e0 peine 18 ans, et regardent la vie avec insouciance. Pourtant deux mois plus tard, le corps de Vincent est retrouv\u00e9 dans le Rh\u00f4ne salement amoch\u00e9 et Rebecca dispara\u00eet juste apr\u00e8s cette mort brutale. Herv\u00e9 Cagan, 48 ans, de la Police judiciaire de Villeurbanne, est charg\u00e9 de l\u2019enqu\u00eate. Avec sa co\u00e9quipi\u00e8re Karine Mangin, ils vont devoir rapidement reconstituer la trajectoire chaotique des deux adolescents. En d\u00e9roulant les derni\u00e8res heures de la vie du jeune gar\u00e7on, Cagan parviendra \u00e0 conclure l\u2019enqu\u00eate. Mais d\u00e9stabilis\u00e9 par ce qu\u2019il d\u00e9couvre, \u00e9branl\u00e9 dans ses certitudes, Cagan sera confront\u00e9 \u00e0 un choix crucial, un choix qui pourrait bouleverser sa fa\u00e7on d\u2019envisager la vie.<\/p>\n<p>https:\/\/youtu.be\/xyXdWIFbX5I<\/p>\n<p><a class=\"uk-button uk-button-primary\" href=\"https:\/\/vimeo.com\/ondemand\/complices\" target=\"_blank\" rel=\"noopener noreferrer\">Voir en VOD (Suisse)<\/a><\/p>\n<p>Frais de port Suisse : 2.40.-<\/p>\n","protected":false},"featured_media":8668,"template":"","meta":{"_acf_changed":false},"product_brand":[],"product_cat":[316],"product_tag":[318,369,319],"class_list":{"0":"post-8666","1":"product","2":"type-product","3":"status-publish","4":"has-post-thumbnail","6":"product_cat-frederic-mermoud","7":"product_tag-dvd","8":"product_tag-frederic-mermoud","9":"product_tag-vod","10":"product_shipping_class-frais_2_chf","12":"first","13":"instock","14":"shipping-taxable","15":"purchasable","16":"product-type-simple"},"acf":[],"_links":{"self":[{"href":"https:\/\/www.bandeapartfilms.com\/en\/wp-json\/wp\/v2\/product\/8666","targetHints":{"allow":["GET"]}}],"collection":[{"href":"https:\/\/www.bandeapartfilms.com\/en\/wp-json\/wp\/v2\/product"}],"about":[{"href":"https:\/\/www.bandeapartfilms.com\/en\/wp-json\/wp\/v2\/types\/product"}],"wp:featuredmedia":[{"embeddable":true,"href":"https:\/\/www.bandeapartfilms.com\/en\/wp-json\/wp\/v2\/media\/8668"}],"wp:attachment":[{"href":"https:\/\/www.bandeapartfilms.com\/en\/wp-json\/wp\/v2\/media?parent=8666"}],"wp:term":[{"taxonomy":"product_brand","embeddable":true,"href":"https:\/\/www.bandeapartfilms.com\/en\/wp-json\/wp\/v2\/product_brand?post=8666"},{"taxonomy":"product_cat","embeddable":true,"href":"https:\/\/www.bandeapartfilms.com\/en\/wp-json\/wp\/v2\/product_cat?post=8666"},{"taxonomy":"product_tag","embeddable":true,"href":"https:\/\/www.bandeapartfilms.com\/en\/wp-json\/wp\/v2\/product_tag?post=8666"}],"curies":[{"name":"wp","href":"https:\/\/api.w.org\/{rel}","templated":true}]}}