{"id":6466,"date":"2014-02-12T10:31:27","date_gmt":"2014-02-12T09:31:27","guid":{"rendered":"http:\/\/www.bandeapartfilms.com\/nouveausite1\/?post_type=product&#038;p=6466"},"modified":"2020-06-19T16:04:33","modified_gmt":"2020-06-19T14:04:33","slug":"lharmonie","status":"publish","type":"product","link":"https:\/\/www.bandeapartfilms.com\/en\/product\/lharmonie\/","title":{"rendered":"L&#8217;Harmonie"},"content":{"rendered":"","protected":false},"excerpt":{"rendered":"<p>par Blaise Harrison<\/p>\n<p>Au c\u0153ur d\u2019une petite ville de montagne, entre communaut\u00e9 et moments de solitude, les musiciens de l\u2019Harmonie nous entra\u00eenent au fil des saisons dans une exp\u00e9rience sonore et musicale, \u00e0 la recherche de l\u2019accord.<\/p>\n<p>Disponible en VO Fran\u00e7ais<\/p>\n<p><a class=\"uk-button uk-button-primary\" href=\"https:\/\/vimeo.com\/ondemand\/lharmonie\" target=\"_blank\" rel=\"noopener noreferrer\">Louer en VOD<\/a><\/p>\n<p><iframe loading=\"lazy\" src=\"https:\/\/player.vimeo.com\/video\/405484194\" width=\"640\" height=\"360\" frameborder=\"0\" allow=\"autoplay; fullscreen\" allowfullscreen><\/iframe><\/p>\n","protected":false},"featured_media":5688,"template":"","meta":{"_acf_changed":false},"product_brand":[],"product_cat":[317],"product_tag":[319],"class_list":{"0":"post-6466","1":"product","2":"type-product","3":"status-publish","4":"has-post-thumbnail","6":"product_cat-les-films-de-bande-a-part-films","7":"product_tag-vod","9":"first","10":"instock","11":"shipping-taxable","12":"product-type-simple"},"acf":[],"_links":{"self":[{"href":"https:\/\/www.bandeapartfilms.com\/en\/wp-json\/wp\/v2\/product\/6466","targetHints":{"allow":["GET"]}}],"collection":[{"href":"https:\/\/www.bandeapartfilms.com\/en\/wp-json\/wp\/v2\/product"}],"about":[{"href":"https:\/\/www.bandeapartfilms.com\/en\/wp-json\/wp\/v2\/types\/product"}],"wp:featuredmedia":[{"embeddable":true,"href":"https:\/\/www.bandeapartfilms.com\/en\/wp-json\/wp\/v2\/media\/5688"}],"wp:attachment":[{"href":"https:\/\/www.bandeapartfilms.com\/en\/wp-json\/wp\/v2\/media?parent=6466"}],"wp:term":[{"taxonomy":"product_brand","embeddable":true,"href":"https:\/\/www.bandeapartfilms.com\/en\/wp-json\/wp\/v2\/product_brand?post=6466"},{"taxonomy":"product_cat","embeddable":true,"href":"https:\/\/www.bandeapartfilms.com\/en\/wp-json\/wp\/v2\/product_cat?post=6466"},{"taxonomy":"product_tag","embeddable":true,"href":"https:\/\/www.bandeapartfilms.com\/en\/wp-json\/wp\/v2\/product_tag?post=6466"}],"curies":[{"name":"wp","href":"https:\/\/api.w.org\/{rel}","templated":true}]}}