{"id":6464,"date":"2014-10-30T10:25:43","date_gmt":"2014-10-30T09:25:43","guid":{"rendered":"http:\/\/www.bandeapartfilms.com\/nouveausite1\/?post_type=product&#038;p=6464"},"modified":"2023-12-15T12:18:38","modified_gmt":"2023-12-15T11:18:38","slug":"les-gymnastes","status":"publish","type":"product","link":"https:\/\/www.bandeapartfilms.com\/en\/product\/les-gymnastes\/","title":{"rendered":"Les Gymnastes"},"content":{"rendered":"","protected":false},"excerpt":{"rendered":"<p>Un documentaire de Gilles Monnat<\/p>\n<p>Tous les six ans, des dizaines de milliers de gymnastes se retrouvent \u00e0 l\u2018occasion de la F\u00eate f\u00e9d\u00e9rale de gymnastique pour c\u00e9l\u00e9brer leur sport, leurs valeurs et la coh\u00e9sion nationale. Le film suit quatre groupes romands durant les mois de pr\u00e9paration et d\u2019entra\u00eenement qui pr\u00e9c\u00e8dent ce grand rassemblement \u00e0 Bienne.<\/p>\n<p>V.O. : Fran\u00e7ais, Allemand<br \/>\nST : Allemand, Fran\u00e7ais<\/p>\n<p><a class=\"uk-button uk-button-primary\" href=\"https:\/\/vimeo.com\/ondemand\/lesgymnastes\" target=\"_blank\" rel=\"noopener noreferrer\">Louer en VOD<\/a><\/p>\n<p>Frais de port vers la Suisse : 2.40.- CHF<br \/>\nFrais de port vers l\u2019\u00e9tranger : en sus, selon tarifs standards<\/p>\n<p><iframe loading=\"lazy\" src=\"https:\/\/player.vimeo.com\/video\/418060838\" width=\"640\" height=\"360\" frameborder=\"0\" allowfullscreen=\"allowfullscreen\"><\/iframe><\/p>\n","protected":false},"featured_media":6465,"template":"","meta":{"_acf_changed":false},"product_brand":[],"product_cat":[317],"product_tag":[318,319],"class_list":{"0":"post-6464","1":"product","2":"type-product","3":"status-publish","4":"has-post-thumbnail","6":"product_cat-les-films-de-bande-a-part-films","7":"product_tag-dvd","8":"product_tag-vod","9":"product_shipping_class-frais_2_chf","11":"first","12":"instock","13":"shipping-taxable","14":"purchasable","15":"product-type-simple"},"acf":[],"_links":{"self":[{"href":"https:\/\/www.bandeapartfilms.com\/en\/wp-json\/wp\/v2\/product\/6464","targetHints":{"allow":["GET"]}}],"collection":[{"href":"https:\/\/www.bandeapartfilms.com\/en\/wp-json\/wp\/v2\/product"}],"about":[{"href":"https:\/\/www.bandeapartfilms.com\/en\/wp-json\/wp\/v2\/types\/product"}],"wp:featuredmedia":[{"embeddable":true,"href":"https:\/\/www.bandeapartfilms.com\/en\/wp-json\/wp\/v2\/media\/6465"}],"wp:attachment":[{"href":"https:\/\/www.bandeapartfilms.com\/en\/wp-json\/wp\/v2\/media?parent=6464"}],"wp:term":[{"taxonomy":"product_brand","embeddable":true,"href":"https:\/\/www.bandeapartfilms.com\/en\/wp-json\/wp\/v2\/product_brand?post=6464"},{"taxonomy":"product_cat","embeddable":true,"href":"https:\/\/www.bandeapartfilms.com\/en\/wp-json\/wp\/v2\/product_cat?post=6464"},{"taxonomy":"product_tag","embeddable":true,"href":"https:\/\/www.bandeapartfilms.com\/en\/wp-json\/wp\/v2\/product_tag?post=6464"}],"curies":[{"name":"wp","href":"https:\/\/api.w.org\/{rel}","templated":true}]}}