{"id":6462,"date":"2017-06-07T10:23:45","date_gmt":"2017-06-07T08:23:45","guid":{"rendered":"http:\/\/www.bandeapartfilms.com\/nouveausite1\/?post_type=product&#038;p=6462"},"modified":"2023-12-15T12:22:12","modified_gmt":"2023-12-15T11:22:12","slug":"le-venerable-w","status":"publish","type":"product","link":"https:\/\/www.bandeapartfilms.com\/en\/product\/le-venerable-w\/","title":{"rendered":"Le V\u00e9n\u00e9rable W"},"content":{"rendered":"","protected":false},"excerpt":{"rendered":"<p>Un film de Barbet Schr\u00f6der<\/p>\n<p>En Birmanie, le \u00ab V\u00e9n\u00e9rable W. \u00bb est un moine bouddhiste tr\u00e8s influent. Partir \u00e0 sa rencontre, c\u2019est se retrouver au c\u0153ur du racisme quotidien, et observer comment l\u2019islamophobie et le discours haineux se transforment en violence et en destruction. Pourtant nous sommes dans un pays o\u00f9 90% de la population est bouddhiste, religion fond\u00e9e sur un mode de vie pacifique, tol\u00e9rant et non-violent.<\/p>\n<p>V.O. : St\u00e9r\u00e9o et 5.1<br \/>\nST : Fran\u00e7ais et Fran\u00e7ais pour sourds et malentendants<br \/>\nSuppl\u00e9ments : \u00ab O\u00f9 en \u00eates-vous, Barbet Schr\u00f6der \u00bb (15mn) Entretien avec le r\u00e9alisateur (30mn)<\/p>\n<p>Frais de port vers la Suisse : 2.40.-<br \/>\nFrais de port vers l\u2019\u00e9tranger : en sus, selon tarifs standards<\/p>\n<p><a class=\"uk-button uk-button-primary\" href=\"https:\/\/vimeo.com\/ondemand\/levenerablew\" target=\"_blank\" rel=\"noopener noreferrer\">Louer en VOD (Suisse)<\/a><\/p>\n<p><iframe loading=\"lazy\" src=\"https:\/\/player.vimeo.com\/video\/418050969\" width=\"640\" height=\"360\" frameborder=\"0\" allowfullscreen=\"allowfullscreen\"><\/iframe><\/p>\n","protected":false},"featured_media":6463,"template":"","meta":{"_acf_changed":false},"product_brand":[],"product_cat":[317],"product_tag":[318,319],"class_list":{"0":"post-6462","1":"product","2":"type-product","3":"status-publish","4":"has-post-thumbnail","6":"product_cat-les-films-de-bande-a-part-films","7":"product_tag-dvd","8":"product_tag-vod","10":"first","11":"instock","12":"shipping-taxable","13":"purchasable","14":"product-type-simple"},"acf":[],"_links":{"self":[{"href":"https:\/\/www.bandeapartfilms.com\/en\/wp-json\/wp\/v2\/product\/6462","targetHints":{"allow":["GET"]}}],"collection":[{"href":"https:\/\/www.bandeapartfilms.com\/en\/wp-json\/wp\/v2\/product"}],"about":[{"href":"https:\/\/www.bandeapartfilms.com\/en\/wp-json\/wp\/v2\/types\/product"}],"wp:featuredmedia":[{"embeddable":true,"href":"https:\/\/www.bandeapartfilms.com\/en\/wp-json\/wp\/v2\/media\/6463"}],"wp:attachment":[{"href":"https:\/\/www.bandeapartfilms.com\/en\/wp-json\/wp\/v2\/media?parent=6462"}],"wp:term":[{"taxonomy":"product_brand","embeddable":true,"href":"https:\/\/www.bandeapartfilms.com\/en\/wp-json\/wp\/v2\/product_brand?post=6462"},{"taxonomy":"product_cat","embeddable":true,"href":"https:\/\/www.bandeapartfilms.com\/en\/wp-json\/wp\/v2\/product_cat?post=6462"},{"taxonomy":"product_tag","embeddable":true,"href":"https:\/\/www.bandeapartfilms.com\/en\/wp-json\/wp\/v2\/product_tag?post=6462"}],"curies":[{"name":"wp","href":"https:\/\/api.w.org\/{rel}","templated":true}]}}