{"id":6455,"date":"2003-09-17T08:47:29","date_gmt":"2003-09-17T06:47:29","guid":{"rendered":"http:\/\/www.bandeapartfilms.com\/nouveausite1\/?post_type=product&#038;p=6455"},"modified":"2018-12-13T11:44:54","modified_gmt":"2018-12-13T10:44:54","slug":"le-genie-helvetique","status":"publish","type":"product","link":"https:\/\/www.bandeapartfilms.com\/en\/product\/le-genie-helvetique\/","title":{"rendered":"Le G\u00e9nie Helv\u00e9tique"},"content":{"rendered":"","protected":false},"excerpt":{"rendered":"<p>de Jean-St\u00e9phane Bron<\/p>\n<p>Disponible en VO Fran\u00e7ais\/Allemand<\/p>\n<p><a class=\"uk-button uk-button-primary\" target=\"_blank\" href=\"https:\/\/www.lekino.ch\/fr\/films\/le-genie-helvetique\">Louer en VOD<\/a><\/p>\n","protected":false},"featured_media":6456,"template":"","meta":{"_acf_changed":false},"product_brand":[],"product_cat":[314],"product_tag":[370,319],"class_list":{"0":"post-6455","1":"product","2":"type-product","3":"status-publish","4":"has-post-thumbnail","6":"product_cat-jean-stephane-bron","7":"product_tag-jean-stephane-bron","8":"product_tag-vod","10":"first","11":"instock","12":"shipping-taxable","13":"product-type-simple"},"acf":[],"_links":{"self":[{"href":"https:\/\/www.bandeapartfilms.com\/en\/wp-json\/wp\/v2\/product\/6455","targetHints":{"allow":["GET"]}}],"collection":[{"href":"https:\/\/www.bandeapartfilms.com\/en\/wp-json\/wp\/v2\/product"}],"about":[{"href":"https:\/\/www.bandeapartfilms.com\/en\/wp-json\/wp\/v2\/types\/product"}],"wp:featuredmedia":[{"embeddable":true,"href":"https:\/\/www.bandeapartfilms.com\/en\/wp-json\/wp\/v2\/media\/6456"}],"wp:attachment":[{"href":"https:\/\/www.bandeapartfilms.com\/en\/wp-json\/wp\/v2\/media?parent=6455"}],"wp:term":[{"taxonomy":"product_brand","embeddable":true,"href":"https:\/\/www.bandeapartfilms.com\/en\/wp-json\/wp\/v2\/product_brand?post=6455"},{"taxonomy":"product_cat","embeddable":true,"href":"https:\/\/www.bandeapartfilms.com\/en\/wp-json\/wp\/v2\/product_cat?post=6455"},{"taxonomy":"product_tag","embeddable":true,"href":"https:\/\/www.bandeapartfilms.com\/en\/wp-json\/wp\/v2\/product_tag?post=6455"}],"curies":[{"name":"wp","href":"https:\/\/api.w.org\/{rel}","templated":true}]}}