{"id":6448,"date":"2010-09-09T08:33:38","date_gmt":"2010-09-09T06:33:38","guid":{"rendered":"http:\/\/www.bandeapartfilms.com\/nouveausite1\/?post_type=product&#038;p=6448"},"modified":"2023-12-15T12:09:37","modified_gmt":"2023-12-15T11:09:37","slug":"cleveland-contre-wall-street","status":"publish","type":"product","link":"https:\/\/www.bandeapartfilms.com\/en\/product\/cleveland-contre-wall-street\/","title":{"rendered":"Cleveland contre Wall Street"},"content":{"rendered":"","protected":false},"excerpt":{"rendered":"<p><b>Un documentaire de Jean-St\u00e9phane Bron<\/b><\/p>\n<p>Le 11 janvier 2008, Josh Cohen et ses associ\u00e9s, avocats de la ville de Cleveland, assignent en justice les 21 banques qu\u2019ils jugent responsables des saisies immobili\u00e8res qui d\u00e9vastent leur ville. Mais les banques de Wall street qu\u2019ils attaquent s\u2019opposent par tous les moyens \u00e0 l\u2019ouverture d\u2019une proc\u00e9dure.\u00a0<i>Cleveland vs Wall Street<\/i>\u00a0raconte l\u2019histoire d\u2019un proc\u00e8s qui aurait d\u00fb avoir lieu. Un proc\u00e8s de cin\u00e9ma, dont l\u2019histoire, les protagonistes et leurs t\u00e9moignages sont bien r\u00e9els\u2026<\/p>\n<p><strong>V.O.<\/strong> : Anglais, fran\u00e7ais<br \/>\n<strong>ST<\/strong> : Fran\u00e7ais, anglais, allemand<\/p>\n<p><a class=\"uk-button uk-button-primary\" href=\"https:\/\/www.lekino.ch\/fr\/films\/cleveland-contre-wall-street\" target=\"_blank\" rel=\"noopener\">Louer en VOD<\/a><\/p>\n<p><strong>Prix de vente : 26.- CHF<\/strong><\/p>\n<p>Frais de port vers la Suisse : gratuits<br \/>\nFrais de port vers l\u2019\u00e9tranger : en sus, selon tarifs standards<\/p>\n","protected":false},"featured_media":5651,"template":"","meta":{"_acf_changed":false},"product_brand":[],"product_cat":[314],"product_tag":[318,370,319],"class_list":{"0":"post-6448","1":"product","2":"type-product","3":"status-publish","4":"has-post-thumbnail","6":"product_cat-jean-stephane-bron","7":"product_tag-dvd","8":"product_tag-jean-stephane-bron","9":"product_tag-vod","11":"first","12":"instock","13":"shipping-taxable","14":"purchasable","15":"product-type-simple"},"acf":[],"_links":{"self":[{"href":"https:\/\/www.bandeapartfilms.com\/en\/wp-json\/wp\/v2\/product\/6448","targetHints":{"allow":["GET"]}}],"collection":[{"href":"https:\/\/www.bandeapartfilms.com\/en\/wp-json\/wp\/v2\/product"}],"about":[{"href":"https:\/\/www.bandeapartfilms.com\/en\/wp-json\/wp\/v2\/types\/product"}],"wp:featuredmedia":[{"embeddable":true,"href":"https:\/\/www.bandeapartfilms.com\/en\/wp-json\/wp\/v2\/media\/5651"}],"wp:attachment":[{"href":"https:\/\/www.bandeapartfilms.com\/en\/wp-json\/wp\/v2\/media?parent=6448"}],"wp:term":[{"taxonomy":"product_brand","embeddable":true,"href":"https:\/\/www.bandeapartfilms.com\/en\/wp-json\/wp\/v2\/product_brand?post=6448"},{"taxonomy":"product_cat","embeddable":true,"href":"https:\/\/www.bandeapartfilms.com\/en\/wp-json\/wp\/v2\/product_cat?post=6448"},{"taxonomy":"product_tag","embeddable":true,"href":"https:\/\/www.bandeapartfilms.com\/en\/wp-json\/wp\/v2\/product_tag?post=6448"}],"curies":[{"name":"wp","href":"https:\/\/api.w.org\/{rel}","templated":true}]}}