{"id":6444,"date":"1999-09-10T20:03:51","date_gmt":"1999-09-10T18:03:51","guid":{"rendered":"http:\/\/www.bandeapartfilms.com\/nouveausite1\/?post_type=product&#038;p=6444"},"modified":"2023-12-15T11:38:19","modified_gmt":"2023-12-15T10:38:19","slug":"celui-au-pasteur-la-parade-mon-pere-cest-un-lion","status":"publish","type":"product","link":"https:\/\/www.bandeapartfilms.com\/en\/product\/celui-au-pasteur-la-parade-mon-pere-cest-un-lion\/","title":{"rendered":"Celui au pasteur <br\/>La parade <br\/>Mon p\u00e8re c&#8217;est un lion"},"content":{"rendered":"","protected":false},"excerpt":{"rendered":"<p><b>3 films de Lionel Baier<\/b><\/p>\n<div class=\"page\" title=\"Page 1\">\n<div class=\"layoutArea\">\n<div class=\"column\">\n<p><strong>CELUI AU PASTEUR (64 mn)<\/strong><br \/>\n\u00ab\u00a0Celui au pasteur (ma vision personnelle des choses)\u00a0\u00bb est un film \u00e0 la premi\u00e8re personne. C\u2019est le regard tendre et cruel d\u2019un fils sur son p\u00e8re, pasteur en terre vaudoise \u00e0 la fin du XX\u00e8me si\u00e8cle. Lionel Baier s\u2019est plong\u00e9 dans le monde de son enfance: celui des f\u00eates paroissiales, des camps de cath\u00e9, et des dimanches \u00e0 l\u2019\u00e9glise. Tenant une petite cam\u00e9ra digitale, le r\u00e9alisateur a suivi son p\u00e8re, cherchant \u00e0 savoir ce qui fait courir cet homme dont il a eu si peur enfant, qu\u2019il a m\u00e9pris\u00e9 adolescent et qu\u2019il connait finalement si mal\u2026<\/p>\n<p><strong>LA PARADE (81 mn)<\/strong><br \/>\nSi la Gay Pride est devenue au fil des \u00e9t\u00e9s une manifestation quasi incontournable \u00e0 Paris ou \u00e0 Berlin, il n\u2019en va pas de m\u00eame \u00e0 Sion. C\u2019est l\u00e0-bas, au centre du canton montagnard et catholique du Valais, qu\u2019un groupe de six filles et d\u2019un gar\u00e7on, emmen\u00e9 par Marianne Bruchez, a eu le courage d\u2019organiser en juillet 2001 la premi\u00e8re parade homosexuelle de leur petite ville. Du courage, il en a fallu pour ne pas baisser les bras quand la municipalit\u00e9 s\u00e9dunoise n\u2019a pas donn\u00e9 de pr\u00e9avis favorable \u00e0 la manifestation, quand des int\u00e9gristes locaux ont fait paraitre une page calomnieuse \u00e0 l\u2019humour douteux. C\u2019est l\u2019aventure de ce combat que raconte \u00ab\u00a0La parade\u00a0\u00bb.<\/p>\n<p><strong>MON PERE C\u2019EST UN LION (9mn)<\/strong><br \/>\nLe Mus\u00e9e de l\u2019Homme \u00e0 Paris va \u00eatre d\u00e9mantel\u00e9. Et c\u2019est un peu comme une maison de famille dont on avait presque oubli\u00e9 l\u2019existence qui va disparaitre. Faire le tour du domaine avec Jean Rouch, le vieux lion. Faire le tour du domaine avec lui, pour la derni\u00e8re fois peut-\u00eatre.<\/p>\n<p>BONUS : Winter lights \u2013 Interview de Lionel Baier (27 mn)<\/p>\n<p>VO : Fran\u00e7ais<br \/>\nVOST : Allemand, anglais<\/p>\n<p><strong>Prix de vente : 32.- CHF<\/strong><\/p>\n<p>Frais de port vers la Suisse : gratuits<br \/>\nFrais de port vers l\u2019\u00e9tranger : en sus, selon tarifs standards<\/p>\n<p><strong>CELUI AU PASTEUR<\/strong><br \/>\n<a class=\"uk-button uk-button-primary\" href=\"https:\/\/vimeo.com\/ondemand\/celuiaupasteur\" target=\"_blank\" rel=\"noopener noreferrer\">Louer en VOD<\/a><\/p>\n<p><strong>LA PARADE<\/strong><br \/>\n<a class=\"uk-button uk-button-primary\" href=\"https:\/\/vimeo.com\/ondemand\/laparadenotrehistoire\" target=\"_blank\" rel=\"noopener noreferrer\">Louer en VOD<\/a><\/p>\n<\/div>\n<\/div>\n<\/div>\n","protected":false},"featured_media":6445,"template":"","meta":{"_acf_changed":false},"product_brand":[],"product_cat":[312],"product_tag":[318,371,319],"class_list":{"0":"post-6444","1":"product","2":"type-product","3":"status-publish","4":"has-post-thumbnail","6":"product_cat-lionel-baier","7":"product_tag-dvd","8":"product_tag-lionel-baier","9":"product_tag-vod","11":"first","12":"outofstock","13":"shipping-taxable","14":"purchasable","15":"product-type-simple"},"acf":[],"_links":{"self":[{"href":"https:\/\/www.bandeapartfilms.com\/en\/wp-json\/wp\/v2\/product\/6444","targetHints":{"allow":["GET"]}}],"collection":[{"href":"https:\/\/www.bandeapartfilms.com\/en\/wp-json\/wp\/v2\/product"}],"about":[{"href":"https:\/\/www.bandeapartfilms.com\/en\/wp-json\/wp\/v2\/types\/product"}],"wp:featuredmedia":[{"embeddable":true,"href":"https:\/\/www.bandeapartfilms.com\/en\/wp-json\/wp\/v2\/media\/6445"}],"wp:attachment":[{"href":"https:\/\/www.bandeapartfilms.com\/en\/wp-json\/wp\/v2\/media?parent=6444"}],"wp:term":[{"taxonomy":"product_brand","embeddable":true,"href":"https:\/\/www.bandeapartfilms.com\/en\/wp-json\/wp\/v2\/product_brand?post=6444"},{"taxonomy":"product_cat","embeddable":true,"href":"https:\/\/www.bandeapartfilms.com\/en\/wp-json\/wp\/v2\/product_cat?post=6444"},{"taxonomy":"product_tag","embeddable":true,"href":"https:\/\/www.bandeapartfilms.com\/en\/wp-json\/wp\/v2\/product_tag?post=6444"}],"curies":[{"name":"wp","href":"https:\/\/api.w.org\/{rel}","templated":true}]}}