{"id":6439,"date":"2006-12-15T19:59:10","date_gmt":"2006-12-15T18:59:10","guid":{"rendered":"http:\/\/www.bandeapartfilms.com\/nouveausite1\/?post_type=product&#038;p=6439"},"modified":"2023-12-15T12:05:20","modified_gmt":"2023-12-15T11:05:20","slug":"comme-des-voleurs-a-lest","status":"publish","type":"product","link":"https:\/\/www.bandeapartfilms.com\/en\/product\/comme-des-voleurs-a-lest\/","title":{"rendered":"Comme des Voleurs (\u00e0 l&#8217;Est)"},"content":{"rendered":"","protected":false},"excerpt":{"rendered":"<p>Un film de Lionel Baier<\/p>\n<p>Lionel, jeune Suisse de trente ans, apprend, par hasard, que sa famille est originaire de Pologne. Cette d\u00e9couverte va bouleverser sa vie et par rebond, celle de sa s\u0153ur. Leur conqu\u00eate de l\u2019Est va se transformer en conqu\u00eate de l\u2019\u00eatre.<\/p>\n<p>V.O. : Fran\u00e7ais<br \/>\nST : Allemand, anglais<\/p>\n<p><a class=\"uk-button uk-button-primary\" href=\"https:\/\/vimeo.com\/ondemand\/commedesvoleursalest\" target=\"_blank\" rel=\"noopener noreferrer\">Louer en VOD<\/a><\/p>\n<p>Prix de vente : 22.- CHF<\/p>\n<p>Frais de port vers la Suisse : gratuits<br \/>\nFrais de port vers l\u2019\u00e9tranger : en sus, selon tarifs standards<\/p>\n<p><iframe loading=\"lazy\" src=\"https:\/\/player.vimeo.com\/video\/401447239\" width=\"640\" height=\"360\" frameborder=\"0\" allowfullscreen=\"allowfullscreen\"><\/iframe><\/p>\n","protected":false},"featured_media":6440,"template":"","meta":{"_acf_changed":false},"product_brand":[],"product_cat":[312],"product_tag":[318,371,319],"class_list":{"0":"post-6439","1":"product","2":"type-product","3":"status-publish","4":"has-post-thumbnail","6":"product_cat-lionel-baier","7":"product_tag-dvd","8":"product_tag-lionel-baier","9":"product_tag-vod","11":"first","12":"instock","13":"shipping-taxable","14":"purchasable","15":"product-type-simple"},"acf":[],"_links":{"self":[{"href":"https:\/\/www.bandeapartfilms.com\/en\/wp-json\/wp\/v2\/product\/6439","targetHints":{"allow":["GET"]}}],"collection":[{"href":"https:\/\/www.bandeapartfilms.com\/en\/wp-json\/wp\/v2\/product"}],"about":[{"href":"https:\/\/www.bandeapartfilms.com\/en\/wp-json\/wp\/v2\/types\/product"}],"wp:featuredmedia":[{"embeddable":true,"href":"https:\/\/www.bandeapartfilms.com\/en\/wp-json\/wp\/v2\/media\/6440"}],"wp:attachment":[{"href":"https:\/\/www.bandeapartfilms.com\/en\/wp-json\/wp\/v2\/media?parent=6439"}],"wp:term":[{"taxonomy":"product_brand","embeddable":true,"href":"https:\/\/www.bandeapartfilms.com\/en\/wp-json\/wp\/v2\/product_brand?post=6439"},{"taxonomy":"product_cat","embeddable":true,"href":"https:\/\/www.bandeapartfilms.com\/en\/wp-json\/wp\/v2\/product_cat?post=6439"},{"taxonomy":"product_tag","embeddable":true,"href":"https:\/\/www.bandeapartfilms.com\/en\/wp-json\/wp\/v2\/product_tag?post=6439"}],"curies":[{"name":"wp","href":"https:\/\/api.w.org\/{rel}","templated":true}]}}