{"id":6432,"date":"2010-10-05T19:48:54","date_gmt":"2010-10-05T17:48:54","guid":{"rendered":"http:\/\/www.bandeapartfilms.com\/nouveausite1\/?post_type=product&#038;p=6432"},"modified":"2020-06-19T16:25:46","modified_gmt":"2020-06-19T14:25:46","slug":"toulouse","status":"publish","type":"product","link":"https:\/\/www.bandeapartfilms.com\/en\/product\/toulouse\/","title":{"rendered":"Toulouse"},"content":{"rendered":"","protected":false},"excerpt":{"rendered":"<p>Disponible en VO Fran\u00e7ais et VOST Anglais.<\/p>\n<p><a class=\"uk-button uk-button-primary\" href=\"https:\/\/vimeo.com\/ondemand\/toulouse2\" target=\"_blank\" rel=\"noopener noreferrer\">Louer en VOD<\/a><\/p>\n<p>Le 1er ao\u00fbt, quelque part dans la campagne aubonnoise, C\u00e9cile et sa fille de dix ans Marion viennent d\u2019acqu\u00e9rir une vieille Ford Taunus break des ann\u00e9es 70. L\u2019automobile, qui appartenait \u00e0 un vieil agriculteur, se pr\u00e9nomme Solange. Mais Marion va la rebaptiser Ariane, esp\u00e9rant ainsi bien vite rejoindre la lune \u00e0 bord de ce v\u00e9hicule spatial. Pour C\u00e9cile, les raisons de l\u2019achat de cette vieille Ford sont bien plus pragmatiques\u00a0: mettre de la distance entre Ludovic, son jeune mari, sa fille et elle. Mais les routes de la r\u00e9gion du c\u0153ur de la C\u00f4te vaudoise sont bien plus longues et bien plus pleines d\u2019emb\u00fbches qu\u2019il n\u2019y para\u00eet. La fuite de la m\u00e8re et de sa fille sera sans cesse ralentie par des rencontres malheureuses, des ennuis techniques et des probl\u00e8mes juridiques. Mais c\u2019est peut-\u00eatre les raisons m\u00eame de la fuite qui posent v\u00e9ritablement probl\u00e8me. Et peut-\u00eatre qu\u2019une fois ces ceux-ci r\u00e9solus, la route s\u2019ouvrira \u00e0 C\u00e9cile et Marion. Jusqu\u2019\u00e0 la lune.<\/p>\n<p><iframe loading=\"lazy\" src=\"https:\/\/player.vimeo.com\/video\/421508809\" width=\"640\" height=\"360\" frameborder=\"0\" allow=\"autoplay; fullscreen\" allowfullscreen><\/iframe><\/p>\n","protected":false},"featured_media":6433,"template":"","meta":{"_acf_changed":false},"product_brand":[],"product_cat":[312],"product_tag":[371,319],"class_list":{"0":"post-6432","1":"product","2":"type-product","3":"status-publish","4":"has-post-thumbnail","6":"product_cat-lionel-baier","7":"product_tag-lionel-baier","8":"product_tag-vod","10":"first","11":"instock","12":"shipping-taxable","13":"product-type-simple"},"acf":[],"_links":{"self":[{"href":"https:\/\/www.bandeapartfilms.com\/en\/wp-json\/wp\/v2\/product\/6432","targetHints":{"allow":["GET"]}}],"collection":[{"href":"https:\/\/www.bandeapartfilms.com\/en\/wp-json\/wp\/v2\/product"}],"about":[{"href":"https:\/\/www.bandeapartfilms.com\/en\/wp-json\/wp\/v2\/types\/product"}],"wp:featuredmedia":[{"embeddable":true,"href":"https:\/\/www.bandeapartfilms.com\/en\/wp-json\/wp\/v2\/media\/6433"}],"wp:attachment":[{"href":"https:\/\/www.bandeapartfilms.com\/en\/wp-json\/wp\/v2\/media?parent=6432"}],"wp:term":[{"taxonomy":"product_brand","embeddable":true,"href":"https:\/\/www.bandeapartfilms.com\/en\/wp-json\/wp\/v2\/product_brand?post=6432"},{"taxonomy":"product_cat","embeddable":true,"href":"https:\/\/www.bandeapartfilms.com\/en\/wp-json\/wp\/v2\/product_cat?post=6432"},{"taxonomy":"product_tag","embeddable":true,"href":"https:\/\/www.bandeapartfilms.com\/en\/wp-json\/wp\/v2\/product_tag?post=6432"}],"curies":[{"name":"wp","href":"https:\/\/api.w.org\/{rel}","templated":true}]}}