{"id":13884,"date":"1999-08-01T13:10:07","date_gmt":"1999-08-01T11:10:07","guid":{"rendered":"http:\/\/www.bandeapartfilms.com\/?post_type=product&#038;p=13884"},"modified":"2020-06-22T13:30:53","modified_gmt":"2020-06-22T11:30:53","slug":"mignon-a-croquer","status":"publish","type":"product","link":"https:\/\/www.bandeapartfilms.com\/en\/product\/mignon-a-croquer\/","title":{"rendered":"Mignon \u00e0 croquer"},"content":{"rendered":"","protected":false},"excerpt":{"rendered":"<p>Chaque matin, Laura B., institutrice, suit depuis une fen\u00eatre le petit man\u00e8ge qui se d\u00e9roule dans la cour de l\u2019\u00e9cole: les mamans am\u00e8nent en voiture leurs enfants. Chacune remet \u00e0 son fils ou \u00e0 sa fille un sachet contenant des friandises pour la pause de 10h. Ce matin-l\u00e0, c\u2019est le mille-feuilles de Lo\u00efc qui focalise toute l\u2019attention de la ma\u00eetresse.<\/p>\n<p><a class=\"uk-button uk-button-primary\" href=\"https:\/\/vimeo.com\/ondemand\/mignonacroquer\" target=\"_blank\" rel=\"noopener noreferrer\">Louer en VOD<\/a><\/p>\n<p><iframe loading=\"lazy\" src=\"https:\/\/player.vimeo.com\/video\/413943189\" width=\"640\" height=\"360\" frameborder=\"0\" allowfullscreen=\"allowfullscreen\"><\/iframe><\/p>\n","protected":false},"featured_media":13875,"template":"","meta":{"_acf_changed":false},"product_brand":[],"product_cat":[320,312],"product_tag":[319],"class_list":{"0":"post-13884","1":"product","2":"type-product","3":"status-publish","4":"has-post-thumbnail","6":"product_cat-films","7":"product_cat-lionel-baier","8":"product_tag-vod","10":"first","11":"instock","12":"shipping-taxable","13":"product-type-simple"},"acf":[],"_links":{"self":[{"href":"https:\/\/www.bandeapartfilms.com\/en\/wp-json\/wp\/v2\/product\/13884","targetHints":{"allow":["GET"]}}],"collection":[{"href":"https:\/\/www.bandeapartfilms.com\/en\/wp-json\/wp\/v2\/product"}],"about":[{"href":"https:\/\/www.bandeapartfilms.com\/en\/wp-json\/wp\/v2\/types\/product"}],"wp:featuredmedia":[{"embeddable":true,"href":"https:\/\/www.bandeapartfilms.com\/en\/wp-json\/wp\/v2\/media\/13875"}],"wp:attachment":[{"href":"https:\/\/www.bandeapartfilms.com\/en\/wp-json\/wp\/v2\/media?parent=13884"}],"wp:term":[{"taxonomy":"product_brand","embeddable":true,"href":"https:\/\/www.bandeapartfilms.com\/en\/wp-json\/wp\/v2\/product_brand?post=13884"},{"taxonomy":"product_cat","embeddable":true,"href":"https:\/\/www.bandeapartfilms.com\/en\/wp-json\/wp\/v2\/product_cat?post=13884"},{"taxonomy":"product_tag","embeddable":true,"href":"https:\/\/www.bandeapartfilms.com\/en\/wp-json\/wp\/v2\/product_tag?post=13884"}],"curies":[{"name":"wp","href":"https:\/\/api.w.org\/{rel}","templated":true}]}}