{"id":8239,"date":"2017-05-04T11:16:44","date_gmt":"2017-05-04T11:16:44","guid":{"rendered":"http:\/\/www.bandeapartfilms.com\/nouveausite1\/contact\/"},"modified":"2019-04-29T11:46:19","modified_gmt":"2019-04-29T09:46:19","slug":"contact","status":"publish","type":"page","link":"https:\/\/www.bandeapartfilms.com\/en\/contact\/","title":{"rendered":"Contact"},"content":{"rendered":"\n<script type=\"widgetkit\/map\" data-id=\"wk-map69df1896be71d\" data-class=\" uk-preserve-width\" data-style=\"width:auto;height:400px;\">\n    {\"width\":\"auto\",\"height\":400,\"maptypeid\":\"roadmap\",\"maptypecontrol\":false,\"mapctrl\":true,\"zoom\":\"17\",\"marker\":2,\"marker_icon\":\"#cc9602\",\"markercluster\":false,\"popup_max_width\":300,\"zoomwheel\":false,\"draggable\":true,\"directions\":false,\"disabledefaultui\":false,\"styler_invert_lightness\":false,\"styler_hue\":\"\",\"styler_saturation\":\"-100\",\"styler_lightness\":0,\"styler_gamma\":0,\"media\":true,\"image_width\":\"auto\",\"image_height\":\"auto\",\"media_align\":\"top\",\"media_width\":\"1-2\",\"media_breakpoint\":\"medium\",\"media_border\":\"none\",\"media_overlay\":\"icon\",\"overlay_animation\":\"fade\",\"media_animation\":\"scale\",\"title\":true,\"content\":true,\"social_buttons\":true,\"title_size\":\"h3\",\"title_element\":\"h3\",\"text_align\":\"left\",\"link\":true,\"link_style\":\"button\",\"link_text\":\"Read more\",\"link_target\":false,\"class\":\"\",\"markers\":[{\"lat\":46.5228821,\"lng\":6.6289098,\"icon\":\"\",\"title\":\"Bande a part Films\",\"content\":\"\\n<div class=\\\"uk-text-left\\\">\\n\\n    \\n    \\n        <h3 class=\\\"uk-h3 uk-margin-remove-top\\\">Bande a part Films<\\\/h3>\\n    \\n    \\n        <div class=\\\"uk-margin\\\">Rue Mauborget 6\\nCH \\u2013 1003 Lausanne\\nT\\u00e9l. +41 21 311 90 34\\ninfo@bandeapartfilms.com<\\\/div>\\n    \\n    \\n    \\n    \\n<\\\/div>\\n\"}],\"directionsText\":\"Get Directions\"}<\/script>\n\n<p>Contacts<\/p>\n<p>Bande \u00e0 part Films<\/p>\n<p>Rue Mauborget 6CH \u2013 1003 LausanneT\u00e9l. +41 21 311 90 34info@bandeapartfilms.com<\/p>\n<p>Bandita Films<\/p>\n<p>Geneva Office<\/p>\n<p>Rue de Cornavin 11CH &#8211; 1201 Gen\u00e8veT\u00e9l. +41 22 775 15 50contact@banditafilms.com<\/p>\n<p>On the map<\/p>\n<p>Lausanne Office<\/p>\n<p>Rue Mauborget 6CH \u2013 1003 LausanneT\u00e9l. +41 21 311 90 34<\/p>\n<p>Executive productionAgnieszka Ramu<\/p>\n<p>Executive productionMarie-Lou Pahud<\/p>\n<p>Administration and accoutingDominique Gay<\/p>\n<p>Distribution, various questionsGaspard Vignon<\/p>\n<p>Write us<\/p>\n\n<div class=\"wpcf7 no-js\" id=\"wpcf7-f8448-o1\" lang=\"fr-FR\" dir=\"ltr\" data-wpcf7-id=\"8448\">\n<div class=\"screen-reader-response\"><p role=\"status\" aria-live=\"polite\" aria-atomic=\"true\"><\/p> <ul><\/ul><\/div>\n<form action=\"\/en\/wp-json\/wp\/v2\/pages\/8239#wpcf7-f8448-o1\" method=\"post\" class=\"wpcf7-form init\" aria-label=\"Formulaire de contact\" novalidate=\"novalidate\" data-status=\"init\">\n<fieldset class=\"hidden-fields-container\"><input type=\"hidden\" name=\"_wpcf7\" value=\"8448\" \/><input type=\"hidden\" name=\"_wpcf7_version\" value=\"6.1.5\" \/><input type=\"hidden\" name=\"_wpcf7_locale\" value=\"fr_FR\" \/><input type=\"hidden\" name=\"_wpcf7_unit_tag\" value=\"wpcf7-f8448-o1\" \/><input type=\"hidden\" name=\"_wpcf7_container_post\" value=\"0\" \/><input type=\"hidden\" name=\"_wpcf7_posted_data_hash\" value=\"\" \/><input type=\"hidden\" name=\"_wpcf7_recaptcha_response\" value=\"\" \/>\n<\/fieldset>\n<p><label> Your name (mandatory)<br \/>\n<span class=\"wpcf7-form-control-wrap\" data-name=\"your-name\"><input size=\"40\" maxlength=\"400\" class=\"wpcf7-form-control wpcf7-text wpcf7-validates-as-required uk-input\" aria-required=\"true\" aria-invalid=\"false\" value=\"\" type=\"text\" name=\"your-name\" \/><\/span> <\/label>\n<\/p>\n<p><label> Your email (mandatory)<br \/>\n<span class=\"wpcf7-form-control-wrap\" data-name=\"your-email\"><input size=\"40\" maxlength=\"400\" class=\"wpcf7-form-control wpcf7-email wpcf7-validates-as-required wpcf7-text wpcf7-validates-as-email uk-input\" aria-required=\"true\" aria-invalid=\"false\" value=\"\" type=\"email\" name=\"your-email\" \/><\/span> <\/label>\n<\/p>\n<p><label> Subject<br \/>\n<span class=\"wpcf7-form-control-wrap\" data-name=\"your-subject\"><input size=\"40\" maxlength=\"400\" class=\"wpcf7-form-control wpcf7-text uk-input\" aria-invalid=\"false\" value=\"\" type=\"text\" name=\"your-subject\" \/><\/span> <\/label>\n<\/p>\n<p><label> Your message<br \/>\n<span class=\"wpcf7-form-control-wrap\" data-name=\"your-message\"><textarea cols=\"40\" rows=\"10\" maxlength=\"2000\" class=\"wpcf7-form-control wpcf7-textarea uk-textarea\" aria-invalid=\"false\" name=\"your-message\"><\/textarea><\/span> <\/label>\n<\/p>\n\n<p><input class=\"wpcf7-form-control wpcf7-submit has-spinner el-content uk-button uk-button-primary\" type=\"submit\" value=\"Send\" \/>\n<\/p><div class=\"wpcf7-response-output\" aria-hidden=\"true\"><\/div>\n<\/form>\n<\/div>\n\n<p><!-- {\"name\":\"\",\"type\":\"layout\",\"children\":[{\"name\":\"\",\"type\":\"section\",\"props\":{\"style\":\"primary\",\"width\":\"\",\"vertical_align\":\"middle\",\"title_position\":\"top-left\",\"title_rotation\":\"left\",\"title_breakpoint\":\"xl\",\"image_position\":\"center-center\",\"height\":\"\",\"padding\":\"none\",\"header_transparent\":\"\",\"animation\":\"\"},\"children\":[{\"name\":\"\",\"type\":\"row\",\"props\":{\"fixed_width\":\"large\",\"breakpoint\":\"m\",\"layout\":\"1-1\",\"gutter\":\"\",\"width\":\"\",\"height\":\"\",\"margin\":\"\"},\"children\":[{\"name\":\"\",\"type\":\"column\",\"props\":{\"widths\":[\"1-1\"],\"image_position\":\"center-center\",\"vertical_align\":\"\",\"style\":\"\",\"text_color\":\"\",\"padding\":\"\"},\"children\":[{\"name\":\"\",\"type\":\"html\",\"props\":{\"content\":\"[widgetkit id=\\\"29\\\"]\"}}]}]}]},{\"name\":\"\",\"type\":\"section\",\"props\":{\"style\":\"default\",\"width\":\"default\",\"vertical_align\":\"middle\",\"title_position\":\"top-left\",\"title_rotation\":\"left\",\"title_breakpoint\":\"xl\",\"image_position\":\"center-center\",\"height\":\"\",\"padding\":\"\",\"header_transparent\":\"\",\"animation\":\"\"},\"children\":[{\"name\":\"\",\"type\":\"row\",\"props\":{\"fixed_width\":\"large\",\"breakpoint\":\"m\",\"layout\":\",,\",\"gutter\":\"\",\"width\":\"\",\"height\":\"\",\"margin\":\"\"},\"children\":[{\"name\":\"\",\"type\":\"column\",\"props\":{\"widths\":[\"\"],\"image_position\":\"center-center\"},\"children\":[{\"name\":\"\",\"type\":\"headline\",\"props\":{\"title_element\":\"h3\",\"title_style\":\"h2\",\"title_decoration\":\"\",\"title_color\":\"\",\"text_align\":\"\",\"text_align_breakpoint\":\"\",\"text_align_fallback\":\"\",\"maxwidth\":\"\",\"maxwidth_align\":\"\",\"maxwidth_breakpoint\":\"\",\"margin\":\"\",\"animation\":\"\",\"visibility\":\"\",\"content\":\"Contacts\"}},{\"name\":\"\",\"type\":\"headline\",\"props\":{\"title_element\":\"h2\",\"title_style\":\"h2\",\"title_decoration\":\"\",\"title_color\":\"\",\"text_align\":\"\",\"text_align_breakpoint\":\"\",\"text_align_fallback\":\"\",\"maxwidth\":\"\",\"maxwidth_align\":\"\",\"maxwidth_breakpoint\":\"\",\"margin\":\"\",\"animation\":\"\",\"visibility\":\"\",\"content\":\"Bande \\u00e0 part Films\"}},{\"name\":\"\",\"type\":\"text\",\"props\":{\"margin\":\"default\",\"column_breakpoint\":\"m\",\"text_style\":\"\",\"text_color\":\"\",\"text_size\":\"\",\"column\":\"\",\"text_align\":\"\",\"text_align_breakpoint\":\"\",\"text_align_fallback\":\"\",\"maxwidth\":\"\",\"maxwidth_align\":\"\",\"maxwidth_breakpoint\":\"\",\"animation\":\"\",\"visibility\":\"\",\"content\":\"\n\n<p>Rue Mauborget 6<br \\\/>CH \\u2013 1003 Lausanne<br \\\/>T\\u00e9l. +41 21 311 90 34<br \\\/><a href=\\\"mailto:info@bandeapartfilms.com\\\">info@bandeapartfilms.com<\\\/a><\\\/p>\"}},{\"name\":\"\",\"type\":\"social\",\"props\":{\"link_style\":\"button\",\"gutter\":\"small\",\"margin\":\"default\",\"text_align\":\"\",\"text_align_breakpoint\":\"\",\"text_align_fallback\":\"\",\"maxwidth\":\"\",\"maxwidth_align\":\"\",\"maxwidth_breakpoint\":\"\",\"animation\":\"\",\"visibility\":\"\",\"links\":[\"https:\\\/\\\/vimeo.com\\\/user24054651\",\"https:\\\/\\\/www.facebook.com\\\/bandeapartfilms\\\/\"]}},{\"name\":\"\",\"type\":\"headline\",\"props\":{\"title_element\":\"h2\",\"title_style\":\"h2\",\"title_decoration\":\"\",\"title_color\":\"\",\"text_align\":\"\",\"text_align_breakpoint\":\"\",\"text_align_fallback\":\"\",\"maxwidth\":\"\",\"maxwidth_align\":\"\",\"maxwidth_breakpoint\":\"\",\"margin\":\"\",\"animation\":\"\",\"visibility\":\"\",\"content\":\"Bandita Films\"}},{\"name\":\"\",\"type\":\"headline\",\"props\":{\"title_element\":\"h3\",\"title_style\":\"h4\",\"title_decoration\":\"\",\"title_color\":\"\",\"text_align\":\"\",\"text_align_breakpoint\":\"\",\"text_align_fallback\":\"\",\"maxwidth\":\"\",\"maxwidth_align\":\"\",\"maxwidth_breakpoint\":\"\",\"margin\":\"\",\"animation\":\"\",\"visibility\":\"\",\"content\":\"Geneva Office\"}},{\"name\":\"\",\"type\":\"text\",\"props\":{\"margin\":\"default\",\"column_breakpoint\":\"m\",\"text_style\":\"\",\"text_color\":\"\",\"text_size\":\"\",\"column\":\"\",\"text_align\":\"\",\"text_align_breakpoint\":\"\",\"text_align_fallback\":\"\",\"maxwidth\":\"\",\"maxwidth_align\":\"\",\"maxwidth_breakpoint\":\"\",\"animation\":\"\",\"visibility\":\"\",\"content\":\"\n\n<p>Rue de Cornavin 11<br \\\/>CH - 1201 Gen\\u00e8ve<br \\\/>T\\u00e9l. +41 22 775 15 50<br \\\/><a href=\\\"mailto:contact@banditafilms.com\\\">contact@banditafilms.com<\\\/a><\\\/p>\"}},{\"name\":\"\",\"type\":\"button\",\"props\":{\"gutter\":\"small\",\"margin\":\"default\",\"button_size\":\"\",\"text_align\":\"\",\"text_align_breakpoint\":\"\",\"text_align_fallback\":\"\",\"maxwidth\":\"\",\"maxwidth_align\":\"\",\"maxwidth_breakpoint\":\"\",\"animation\":\"\",\"visibility\":\"\"},\"children\":[{\"name\":\"\",\"type\":\"button_item\",\"props\":{\"button_style\":\"default\",\"icon_align\":\"left\",\"link_target\":\"\",\"content\":\"On the map\",\"link\":\"https:\\\/\\\/goo.gl\\\/maps\\\/HpnuTWtYcB42\"}}]},{\"name\":\"\",\"type\":\"headline\",\"props\":{\"title_element\":\"h3\",\"title_style\":\"h4\",\"title_decoration\":\"\",\"title_color\":\"\",\"text_align\":\"\",\"text_align_breakpoint\":\"\",\"text_align_fallback\":\"\",\"maxwidth\":\"\",\"maxwidth_align\":\"\",\"maxwidth_breakpoint\":\"\",\"margin\":\"\",\"animation\":\"\",\"visibility\":\"\",\"content\":\"Lausanne Office\"}},{\"name\":\"\",\"type\":\"text\",\"props\":{\"margin\":\"default\",\"column_breakpoint\":\"m\",\"text_style\":\"\",\"text_color\":\"\",\"text_size\":\"\",\"column\":\"\",\"text_align\":\"\",\"text_align_breakpoint\":\"\",\"text_align_fallback\":\"\",\"maxwidth\":\"\",\"maxwidth_align\":\"\",\"maxwidth_breakpoint\":\"\",\"animation\":\"\",\"visibility\":\"\",\"content\":\"\n\n<p>Rue Mauborget 6<br \\\/>CH \\u2013 1003 Lausanne<br \\\/>T\\u00e9l. +41 21 311 90 34<\\\/p>\"}}]},{\"name\":\"\",\"type\":\"column\",\"props\":{\"widths\":[\"\"],\"image_position\":\"center-center\"},\"children\":[{\"name\":\"\",\"type\":\"text\",\"props\":{\"margin\":\"default\",\"column_breakpoint\":\"m\",\"text_style\":\"\",\"text_color\":\"\",\"text_size\":\"\",\"column\":\"\",\"text_align\":\"\",\"text_align_breakpoint\":\"\",\"text_align_fallback\":\"\",\"maxwidth\":\"\",\"maxwidth_align\":\"\",\"maxwidth_breakpoint\":\"\",\"animation\":\"\",\"visibility\":\"\",\"content\":\"\n\n<p><strong>Executive production<\\\/strong><br \\\/><a href=\\\"mailto:aramu@bandeapartfilms.com\\\">Agnieszka Ramu<\\\/a><\\\/p>\"}},{\"name\":\"\",\"type\":\"image\",\"props\":{\"margin\":\"default\",\"link_target\":\"\",\"image_border\":\"\",\"image_box_shadow\":\"\",\"image_hover_box_shadow\":\"\",\"text_align\":\"\",\"text_align_breakpoint\":\"\",\"text_align_fallback\":\"\",\"maxwidth\":\"\",\"maxwidth_align\":\"\",\"maxwidth_breakpoint\":\"\",\"animation\":\"\",\"visibility\":\"\",\"image\":\"wp-content\\\/uploads\\\/2019\\\/04\\\/agnieszka_web.jpg\"}},{\"name\":\"\",\"type\":\"text\",\"props\":{\"margin\":\"default\",\"column_breakpoint\":\"m\",\"text_style\":\"\",\"text_color\":\"\",\"text_size\":\"\",\"column\":\"\",\"text_align\":\"\",\"text_align_breakpoint\":\"\",\"text_align_fallback\":\"\",\"maxwidth\":\"\",\"maxwidth_align\":\"\",\"maxwidth_breakpoint\":\"\",\"animation\":\"\",\"visibility\":\"\",\"content\":\"\n\n<p><strong>Executive production<\\\/strong><br \\\/><a href=\\\"mailto:ml.pahud@bandeapartfilms.com\\\">Marie-Lou Pahud<\\\/a><\\\/p>\"}},{\"name\":\"\",\"type\":\"image\",\"props\":{\"margin\":\"default\",\"link_target\":\"\",\"image_border\":\"\",\"image_box_shadow\":\"\",\"image_hover_box_shadow\":\"\",\"text_align\":\"\",\"text_align_breakpoint\":\"\",\"text_align_fallback\":\"\",\"maxwidth\":\"\",\"maxwidth_align\":\"\",\"maxwidth_breakpoint\":\"\",\"animation\":\"\",\"visibility\":\"\",\"image\":\"wp-content\\\/uploads\\\/2019\\\/04\\\/marielou_web.jpg\"}},{\"name\":\"\",\"type\":\"text\",\"props\":{\"margin\":\"default\",\"column_breakpoint\":\"m\",\"text_style\":\"\",\"text_color\":\"\",\"text_size\":\"\",\"column\":\"\",\"text_align\":\"\",\"text_align_breakpoint\":\"\",\"text_align_fallback\":\"\",\"maxwidth\":\"\",\"maxwidth_align\":\"\",\"maxwidth_breakpoint\":\"\",\"animation\":\"\",\"visibility\":\"\",\"content\":\"\n\n<p><strong>Administration and accouting<\\\/strong><br \\\/><a href=\\\"mailto:dom.gay@bandeapartfilms.com\\\">Dominique Gay<\\\/a><\\\/p>\"}},{\"name\":\"\",\"type\":\"image\",\"props\":{\"margin\":\"default\",\"link_target\":\"\",\"image_border\":\"\",\"image_box_shadow\":\"\",\"image_hover_box_shadow\":\"\",\"text_align\":\"\",\"text_align_breakpoint\":\"\",\"text_align_fallback\":\"\",\"maxwidth\":\"\",\"maxwidth_align\":\"\",\"maxwidth_breakpoint\":\"\",\"animation\":\"\",\"visibility\":\"\",\"image\":\"wp-content\\\/uploads\\\/2019\\\/04\\\/dominique_web.jpg\"}},{\"name\":\"\",\"type\":\"text\",\"props\":{\"margin\":\"default\",\"column_breakpoint\":\"m\",\"text_style\":\"\",\"text_color\":\"\",\"text_size\":\"\",\"column\":\"\",\"text_align\":\"\",\"text_align_breakpoint\":\"\",\"text_align_fallback\":\"\",\"maxwidth\":\"\",\"maxwidth_align\":\"\",\"maxwidth_breakpoint\":\"\",\"animation\":\"\",\"visibility\":\"\",\"content\":\"\n\n<p><strong>Distribution, various questions<\\\/strong><br \\\/><a href=\\\"mailto:gvignon@bandeapartfilms.com\\\">Gaspard Vignon<\\\/a><\\\/p>\"}},{\"name\":\"\",\"type\":\"image\",\"props\":{\"margin\":\"default\",\"link_target\":\"\",\"image_border\":\"\",\"image_box_shadow\":\"\",\"image_hover_box_shadow\":\"\",\"text_align\":\"\",\"text_align_breakpoint\":\"\",\"text_align_fallback\":\"\",\"maxwidth\":\"\",\"maxwidth_align\":\"\",\"maxwidth_breakpoint\":\"\",\"animation\":\"\",\"visibility\":\"\",\"image\":\"wp-content\\\/uploads\\\/2019\\\/04\\\/gaspard_web.jpg\"}}]},{\"name\":\"\",\"type\":\"column\",\"props\":{\"widths\":[\"\"],\"image_position\":\"center-center\"},\"children\":[{\"name\":\"\",\"type\":\"headline\",\"props\":{\"title_element\":\"h1\",\"title_style\":\"h2\",\"title_decoration\":\"\",\"title_color\":\"\",\"text_align\":\"\",\"text_align_breakpoint\":\"\",\"text_align_fallback\":\"\",\"maxwidth\":\"\",\"maxwidth_align\":\"\",\"maxwidth_breakpoint\":\"\",\"margin\":\"\",\"animation\":\"\",\"visibility\":\"\",\"content\":\"Write us\"}},{\"name\":\"\",\"type\":\"html\",\"props\":{\"content\":\"[contact-form-7 id=\\\"8448\\\" title=\\\"Contact form\\\"]\"}}]}]}]}]} --><\/p>\n","protected":false},"excerpt":{"rendered":"<p>Contacts Bande \u00e0 part Films Rue Mauborget 6CH \u2013 1003 LausanneT\u00e9l. +41 21 311 90 34info@bandeapartfilms.com Bandita Films Geneva Office Rue de Cornavin 11CH &#8211; 1201 Gen\u00e8veT\u00e9l. +41 22 775 15 50contact@banditafilms.com On the map Lausanne Office Rue Mauborget 6CH \u2013 1003 LausanneT\u00e9l. +41 21 311 90 34 Executive productionAgnieszka Ramu Executive productionMarie-Lou Pahud Administration [&hellip;]<\/p>\n","protected":false},"author":4,"featured_media":0,"parent":0,"menu_order":0,"comment_status":"closed","ping_status":"closed","template":"","meta":{"_acf_changed":false,"footnotes":""},"class_list":["post-8239","page","type-page","status-publish","hentry"],"acf":[],"_links":{"self":[{"href":"https:\/\/www.bandeapartfilms.com\/en\/wp-json\/wp\/v2\/pages\/8239","targetHints":{"allow":["GET"]}}],"collection":[{"href":"https:\/\/www.bandeapartfilms.com\/en\/wp-json\/wp\/v2\/pages"}],"about":[{"href":"https:\/\/www.bandeapartfilms.com\/en\/wp-json\/wp\/v2\/types\/page"}],"author":[{"embeddable":true,"href":"https:\/\/www.bandeapartfilms.com\/en\/wp-json\/wp\/v2\/users\/4"}],"replies":[{"embeddable":true,"href":"https:\/\/www.bandeapartfilms.com\/en\/wp-json\/wp\/v2\/comments?post=8239"}],"version-history":[{"count":8,"href":"https:\/\/www.bandeapartfilms.com\/en\/wp-json\/wp\/v2\/pages\/8239\/revisions"}],"predecessor-version":[{"id":9072,"href":"https:\/\/www.bandeapartfilms.com\/en\/wp-json\/wp\/v2\/pages\/8239\/revisions\/9072"}],"wp:attachment":[{"href":"https:\/\/www.bandeapartfilms.com\/en\/wp-json\/wp\/v2\/media?parent=8239"}],"curies":[{"name":"wp","href":"https:\/\/api.w.org\/{rel}","templated":true}]}}